{"id":77,"date":"2022-09-19T13:49:02","date_gmt":"2022-09-19T13:49:02","guid":{"rendered":"https:\/\/jrims.fi\/?page_id=77"},"modified":"2022-09-21T17:45:00","modified_gmt":"2022-09-21T17:45:00","slug":"etusivu","status":"publish","type":"page","link":"https:\/\/jrims.fi\/","title":{"rendered":"Etusivu"},"content":{"rendered":"\t\t<div data-elementor-type=\"wp-page\" data-elementor-id=\"77\" class=\"elementor elementor-77\">\n\t\t\t\t\t\t\t\t\t<section class=\"elementor-section elementor-top-section elementor-element elementor-element-2f4eb94 elementor-section-boxed elementor-section-height-default elementor-section-height-default\" data-id=\"2f4eb94\" data-element_type=\"section\">\n\t\t\t\t\t\t\t<div class=\"elementor-background-overlay\"><\/div>\n\t\t\t\t\t\t\t<div class=\"elementor-container elementor-column-gap-default\">\n\t\t\t\t\t<div class=\"elementor-column elementor-col-100 elementor-top-column elementor-element elementor-element-68de9e1\" data-id=\"68de9e1\" data-element_type=\"column\" data-settings=\"{&quot;background_background&quot;:&quot;classic&quot;}\">\n\t\t\t<div class=\"elementor-widget-wrap elementor-element-populated\">\n\t\t\t\t\t\t\t\t<div class=\"elementor-element elementor-element-87de839 elementor-widget elementor-widget-image\" data-id=\"87de839\" data-element_type=\"widget\" data-widget_type=\"image.default\">\n\t\t\t\t<div class=\"elementor-widget-container\">\n\t\t\t<style>\/*! elementor - v3.7.6 - 15-09-2022 *\/\n.elementor-widget-image{text-align:center}.elementor-widget-image a{display:inline-block}.elementor-widget-image a img[src$=\".svg\"]{width:48px}.elementor-widget-image img{vertical-align:middle;display:inline-block}<\/style>\t\t\t\t\t\t\t\t\t\t\t\t<img loading=\"lazy\" decoding=\"async\" width=\"1011\" height=\"1024\" src=\"https:\/\/jrims.fi\/wp-content\/uploads\/2022\/09\/cropped-cropped-Color-logo-with-background-1011x1024.png\" class=\"attachment-large size-large\" alt=\"\" srcset=\"https:\/\/jrims.fi\/wp-content\/uploads\/2022\/09\/cropped-cropped-Color-logo-with-background-1011x1024.png 1011w, https:\/\/jrims.fi\/wp-content\/uploads\/2022\/09\/cropped-cropped-Color-logo-with-background-296x300.png 296w, https:\/\/jrims.fi\/wp-content\/uploads\/2022\/09\/cropped-cropped-Color-logo-with-background-768x778.png 768w, https:\/\/jrims.fi\/wp-content\/uploads\/2022\/09\/cropped-cropped-Color-logo-with-background-1517x1536.png 1517w, https:\/\/jrims.fi\/wp-content\/uploads\/2022\/09\/cropped-cropped-Color-logo-with-background-100x100.png 100w, https:\/\/jrims.fi\/wp-content\/uploads\/2022\/09\/cropped-cropped-Color-logo-with-background.png 2000w\" sizes=\"auto, (max-width: 1011px) 100vw, 1011px\" \/>\t\t\t\t\t\t\t\t\t\t\t\t\t\t\t<\/div>\n\t\t\t\t<\/div>\n\t\t\t\t\t<\/div>\n\t\t<\/div>\n\t\t\t\t\t\t\t<\/div>\n\t\t<\/section>\n\t\t\t\t<section class=\"elementor-section elementor-top-section elementor-element elementor-element-7af972c elementor-section-boxed elementor-section-height-default elementor-section-height-default\" data-id=\"7af972c\" data-element_type=\"section\">\n\t\t\t\t\t\t<div class=\"elementor-container elementor-column-gap-default\">\n\t\t\t\t\t<div class=\"elementor-column elementor-col-100 elementor-top-column elementor-element elementor-element-9871ae9\" data-id=\"9871ae9\" data-element_type=\"column\" data-settings=\"{&quot;background_background&quot;:&quot;classic&quot;}\">\n\t\t\t<div class=\"elementor-widget-wrap elementor-element-populated\">\n\t\t\t\t\t\t\t\t<div class=\"elementor-element elementor-element-7d3932f elementor-widget elementor-widget-heading\" data-id=\"7d3932f\" data-element_type=\"widget\" data-widget_type=\"heading.default\">\n\t\t\t\t<div class=\"elementor-widget-container\">\n\t\t\t<style>\/*! elementor - v3.7.6 - 15-09-2022 *\/\n.elementor-heading-title{padding:0;margin:0;line-height:1}.elementor-widget-heading .elementor-heading-title[class*=elementor-size-]>a{color:inherit;font-size:inherit;line-height:inherit}.elementor-widget-heading .elementor-heading-title.elementor-size-small{font-size:15px}.elementor-widget-heading .elementor-heading-title.elementor-size-medium{font-size:19px}.elementor-widget-heading .elementor-heading-title.elementor-size-large{font-size:29px}.elementor-widget-heading .elementor-heading-title.elementor-size-xl{font-size:39px}.elementor-widget-heading .elementor-heading-title.elementor-size-xxl{font-size:59px}<\/style><h2 class=\"elementor-heading-title elementor-size-default\">Vanteiden korjauspalveluita tuottava yritys<\/h2>\t\t<\/div>\n\t\t\t\t<\/div>\n\t\t\t\t\t<\/div>\n\t\t<\/div>\n\t\t\t\t\t\t\t<\/div>\n\t\t<\/section>\n\t\t\t\t<section class=\"elementor-section elementor-top-section elementor-element elementor-element-b479039 elementor-section-boxed elementor-section-height-default elementor-section-height-default\" data-id=\"b479039\" data-element_type=\"section\">\n\t\t\t\t\t\t<div class=\"elementor-container elementor-column-gap-default\">\n\t\t\t\t\t<div class=\"elementor-column elementor-col-100 elementor-top-column elementor-element elementor-element-f69df94\" data-id=\"f69df94\" data-element_type=\"column\" data-settings=\"{&quot;background_background&quot;:&quot;classic&quot;}\">\n\t\t\t<div class=\"elementor-widget-wrap elementor-element-populated\">\n\t\t\t\t\t\t\t\t<div class=\"elementor-element elementor-element-21e7285 elementor-widget elementor-widget-text-editor\" data-id=\"21e7285\" data-element_type=\"widget\" data-widget_type=\"text-editor.default\">\n\t\t\t\t<div class=\"elementor-widget-container\">\n\t\t\t<style>\/*! elementor - v3.7.6 - 15-09-2022 *\/\n.elementor-widget-text-editor.elementor-drop-cap-view-stacked .elementor-drop-cap{background-color:#818a91;color:#fff}.elementor-widget-text-editor.elementor-drop-cap-view-framed .elementor-drop-cap{color:#818a91;border:3px solid;background-color:transparent}.elementor-widget-text-editor:not(.elementor-drop-cap-view-default) .elementor-drop-cap{margin-top:8px}.elementor-widget-text-editor:not(.elementor-drop-cap-view-default) .elementor-drop-cap-letter{width:1em;height:1em}.elementor-widget-text-editor .elementor-drop-cap{float:left;text-align:center;line-height:1;font-size:50px}.elementor-widget-text-editor .elementor-drop-cap-letter{display:inline-block}<\/style>\t\t\t\t<p><span style=\"text-decoration: underline;\"><strong>Esittely<\/strong><\/span><\/p><p>Olemme perustaneet vanteiden korjauspalveluita tuottavan yrityksen kolarikorjauksen kymmenen vuotisella kokemuksella Yl\u00f6j\u00e4rven Karhelle syksyll\u00e4 2022. Ajatus yrityksen perustamiseen l\u00e4hti omasta ja tuttavien tarpeesta vanteiden korjaukseen. Jatkamme AV-Specialin jalanj\u00e4ljiss\u00e4 samalla laitteistolla vanhan yritt\u00e4j\u00e4n lopettaessa yritystoiminnan. T\u00e4ll\u00e4 hetkell\u00e4 palveluina meill\u00e4 ovat vanteiden oikaisu ja halkeamien hitsausty\u00f6t. Lis\u00e4yksi\u00e4 palveluihimme on tiedossa my\u00f6hemmin. Olethan rohkeasti yhteydess\u00e4 s\u00e4hk\u00f6postitse tai puhelimitse, mik\u00e4li tarvitset vanteiden korjauspalveluita. Yhteystiedot l\u00f6ytyv\u00e4t sivun alalaidasta.<\/p><p>Voit halutessasi ottaa seurantaan yrityksemme Facebook-sivut<span style=\"font-size: 16px;\">, johon p\u00e4\u00e4set t\u00e4st\u00e4 linkist\u00e4: <\/span><a style=\"font-size: 16px; background-color: #ffffff;\" href=\"https:\/\/www.facebook.com\/JRims-105098015677786\">JRims Oy.<\/a><\/p>\t\t\t\t\t\t<\/div>\n\t\t\t\t<\/div>\n\t\t\t\t\t<\/div>\n\t\t<\/div>\n\t\t\t\t\t\t\t<\/div>\n\t\t<\/section>\n\t\t\t\t<section class=\"elementor-section elementor-top-section elementor-element elementor-element-ab3ace5 elementor-section-boxed elementor-section-height-default elementor-section-height-default\" data-id=\"ab3ace5\" data-element_type=\"section\">\n\t\t\t\t\t\t<div class=\"elementor-container elementor-column-gap-default\">\n\t\t\t\t\t<div class=\"elementor-column elementor-col-100 elementor-top-column elementor-element elementor-element-fc31718\" data-id=\"fc31718\" data-element_type=\"column\" data-settings=\"{&quot;background_background&quot;:&quot;classic&quot;}\">\n\t\t\t<div class=\"elementor-widget-wrap elementor-element-populated\">\n\t\t\t\t\t\t\t\t<div class=\"elementor-element elementor-element-2cf4984 elementor-widget elementor-widget-text-editor\" data-id=\"2cf4984\" data-element_type=\"widget\" data-widget_type=\"text-editor.default\">\n\t\t\t\t<div class=\"elementor-widget-container\">\n\t\t\t\t\t\t\t<p><span style=\"text-decoration: underline;\"><strong>Palvelut ja hinnasto<\/strong><\/span><\/p><p>Vanteiden oikaisu 100\u20ac\/vanne<br \/>Haljenneen vanteen hitsaus (sis. 1-2 pient\u00e4 halkeamaa, alle 5cm) 90\u20ac\/vanne<br \/>Lis\u00e4t\u00f6ist\u00e4 sovittava erikseen.<br \/>Lis\u00e4yksi\u00e4 palveluihin tulossa my\u00f6hemmin!<\/p>\t\t\t\t\t\t<\/div>\n\t\t\t\t<\/div>\n\t\t\t\t\t<\/div>\n\t\t<\/div>\n\t\t\t\t\t\t\t<\/div>\n\t\t<\/section>\n\t\t\t\t<section class=\"elementor-section elementor-top-section elementor-element elementor-element-7377549 elementor-section-boxed elementor-section-height-default elementor-section-height-default\" data-id=\"7377549\" data-element_type=\"section\">\n\t\t\t\t\t\t<div class=\"elementor-container elementor-column-gap-default\">\n\t\t\t\t\t<div class=\"elementor-column elementor-col-50 elementor-top-column elementor-element elementor-element-59cdd4a\" data-id=\"59cdd4a\" data-element_type=\"column\" data-settings=\"{&quot;background_background&quot;:&quot;classic&quot;}\">\n\t\t\t<div class=\"elementor-widget-wrap elementor-element-populated\">\n\t\t\t\t\t\t\t\t<div class=\"elementor-element elementor-element-a281e50 elementor-widget elementor-widget-google_maps\" data-id=\"a281e50\" data-element_type=\"widget\" data-widget_type=\"google_maps.default\">\n\t\t\t\t<div class=\"elementor-widget-container\">\n\t\t\t<style>\/*! elementor - v3.7.6 - 15-09-2022 *\/\n.elementor-widget-google_maps .elementor-widget-container{overflow:hidden}.elementor-widget-google_maps iframe{height:300px}<\/style>\t\t<div class=\"elementor-custom-embed\">\n\t\t\t<iframe frameborder=\"0\" scrolling=\"no\" marginheight=\"0\" marginwidth=\"0\"\n\t\t\t\t\tsrc=\"https:\/\/maps.google.com\/maps?q=Nopanper%C3%A4ntie%20230%2C%2039340%20Karhe%2C%20Finland&#038;t=m&#038;z=11&#038;output=embed&#038;iwloc=near\"\n\t\t\t\t\ttitle=\"Nopanper\u00e4ntie 230, 39340 Karhe, Finland\"\n\t\t\t\t\taria-label=\"Nopanper\u00e4ntie 230, 39340 Karhe, Finland\"\n\t\t\t><\/iframe>\n\t\t<\/div>\n\t\t\t\t<\/div>\n\t\t\t\t<\/div>\n\t\t\t\t\t<\/div>\n\t\t<\/div>\n\t\t\t\t<div class=\"elementor-column elementor-col-50 elementor-top-column elementor-element elementor-element-65fd8c2\" data-id=\"65fd8c2\" data-element_type=\"column\" data-settings=\"{&quot;background_background&quot;:&quot;classic&quot;}\">\n\t\t\t<div class=\"elementor-widget-wrap elementor-element-populated\">\n\t\t\t\t\t<div class=\"elementor-background-overlay\"><\/div>\n\t\t\t\t\t\t\t\t<div class=\"elementor-element elementor-element-5803b44 elementor-widget elementor-widget-image\" data-id=\"5803b44\" data-element_type=\"widget\" data-widget_type=\"image.default\">\n\t\t\t\t<div class=\"elementor-widget-container\">\n\t\t\t\t\t\t\t\t\t\t\t\t\t\t\t<img loading=\"lazy\" decoding=\"async\" width=\"627\" height=\"937\" src=\"https:\/\/jrims.fi\/wp-content\/uploads\/2022\/09\/Vanne-1.png\" class=\"attachment-large size-large\" alt=\"\" srcset=\"https:\/\/jrims.fi\/wp-content\/uploads\/2022\/09\/Vanne-1.png 627w, https:\/\/jrims.fi\/wp-content\/uploads\/2022\/09\/Vanne-1-201x300.png 201w\" sizes=\"auto, (max-width: 627px) 100vw, 627px\" \/>\t\t\t\t\t\t\t\t\t\t\t\t\t\t\t<\/div>\n\t\t\t\t<\/div>\n\t\t\t\t\t<\/div>\n\t\t<\/div>\n\t\t\t\t\t\t\t<\/div>\n\t\t<\/section>\n\t\t\t\t<section class=\"elementor-section elementor-top-section elementor-element elementor-element-07ad29f elementor-section-boxed elementor-section-height-default elementor-section-height-default\" data-id=\"07ad29f\" data-element_type=\"section\">\n\t\t\t\t\t\t<div class=\"elementor-container elementor-column-gap-default\">\n\t\t\t\t\t<div class=\"elementor-column elementor-col-50 elementor-top-column elementor-element elementor-element-c861a20\" data-id=\"c861a20\" data-element_type=\"column\" data-settings=\"{&quot;background_background&quot;:&quot;classic&quot;}\">\n\t\t\t<div class=\"elementor-widget-wrap elementor-element-populated\">\n\t\t\t\t\t\t\t\t<div class=\"elementor-element elementor-element-ede70f1 elementor-widget elementor-widget-image\" data-id=\"ede70f1\" data-element_type=\"widget\" data-widget_type=\"image.default\">\n\t\t\t\t<div class=\"elementor-widget-container\">\n\t\t\t\t\t\t\t\t\t\t\t\t\t\t\t<img decoding=\"async\" src=\"https:\/\/jrims.fi\/wp-content\/uploads\/elementor\/thumbs\/vanne2-puzwj6mg9auy6m83mpl4augt4rc4lx46r1huygheuo.png\" title=\"vanne2\" alt=\"vanne2\" \/>\t\t\t\t\t\t\t\t\t\t\t\t\t\t\t<\/div>\n\t\t\t\t<\/div>\n\t\t\t\t\t<\/div>\n\t\t<\/div>\n\t\t\t\t<div class=\"elementor-column elementor-col-50 elementor-top-column elementor-element elementor-element-bb428f6\" data-id=\"bb428f6\" data-element_type=\"column\" data-settings=\"{&quot;background_background&quot;:&quot;classic&quot;}\">\n\t\t\t<div class=\"elementor-widget-wrap elementor-element-populated\">\n\t\t\t\t\t\t\t\t<div class=\"elementor-element elementor-element-1e06f2d elementor-widget elementor-widget-text-editor\" data-id=\"1e06f2d\" data-element_type=\"widget\" data-widget_type=\"text-editor.default\">\n\t\t\t\t<div class=\"elementor-widget-container\">\n\t\t\t\t\t\t\t<p><span style=\"text-decoration: underline;\"><strong>Yhteystiedot<\/strong><\/span><\/p><p>S\u00e4hk\u00f6posti \/ Email: kimmo@jrims.fi<br \/>Puh.\/Tel.: +358413105840 (my\u00f6s Whatsapp)<\/p><p>K\u00e4yntiosoite: Nopanper\u00e4ntie 230, 39340 Karhe (paikalla sovittaessa)<br \/><br \/><\/p><p>\u00a0<\/p><p>\u00a0<\/p><p>\u00a0<\/p><p>\u00a0<\/p><p>\u00a0<\/p><p>\u00a0<\/p><p>All rights reserved 2022 JRims Oy<\/p>\t\t\t\t\t\t<\/div>\n\t\t\t\t<\/div>\n\t\t\t\t\t<\/div>\n\t\t<\/div>\n\t\t\t\t\t\t\t<\/div>\n\t\t<\/section>\n\t\t\t\t\t\t\t<\/div>\n\t\t","protected":false},"excerpt":{"rendered":"<p>Vanteiden korjauspalveluita tuottava yritys Esittely Olemme perustaneet vanteiden korjauspalveluita tuottavan yrityksen kolarikorjauksen kymmenen vuotisella kokemuksella Yl\u00f6j\u00e4rven Karhelle syksyll\u00e4 2022. Ajatus yrityksen perustamiseen l\u00e4hti omasta ja tuttavien tarpeesta vanteiden korjaukseen. Jatkamme AV-Specialin jalanj\u00e4ljiss\u00e4 samalla laitteistolla vanhan yritt\u00e4j\u00e4n lopettaessa yritystoiminnan. T\u00e4ll\u00e4 hetkell\u00e4 palveluina meill\u00e4 ovat vanteiden oikaisu ja halkeamien hitsausty\u00f6t. Lis\u00e4yksi\u00e4 palveluihimme on tiedossa my\u00f6hemmin. Olethan rohkeasti &hellip;<\/p>\n<p class=\"read-more\"> <a class=\"\" href=\"https:\/\/jrims.fi\/\"> <span class=\"screen-reader-text\">Etusivu<\/span> Lue lis\u00e4\u00e4 &raquo;<\/a><\/p>\n","protected":false},"author":1,"featured_media":0,"parent":0,"menu_order":0,"comment_status":"closed","ping_status":"closed","template":"elementor_header_footer","meta":{"site-sidebar-layout":"no-sidebar","site-content-layout":"page-builder","ast-global-header-display":"","ast-main-header-display":"","ast-hfb-above-header-display":"","ast-hfb-below-header-display":"","ast-hfb-mobile-header-display":"","site-post-title":"disabled","ast-breadcrumbs-content":"","ast-featured-img":"disabled","footer-sml-layout":"","theme-transparent-header-meta":"","adv-header-id-meta":"","stick-header-meta":"","header-above-stick-meta":"","header-main-stick-meta":"","header-below-stick-meta":"","footnotes":""},"class_list":["post-77","page","type-page","status-publish","hentry"],"_links":{"self":[{"href":"https:\/\/jrims.fi\/index.php\/wp-json\/wp\/v2\/pages\/77","targetHints":{"allow":["GET"]}}],"collection":[{"href":"https:\/\/jrims.fi\/index.php\/wp-json\/wp\/v2\/pages"}],"about":[{"href":"https:\/\/jrims.fi\/index.php\/wp-json\/wp\/v2\/types\/page"}],"author":[{"embeddable":true,"href":"https:\/\/jrims.fi\/index.php\/wp-json\/wp\/v2\/users\/1"}],"replies":[{"embeddable":true,"href":"https:\/\/jrims.fi\/index.php\/wp-json\/wp\/v2\/comments?post=77"}],"version-history":[{"count":15,"href":"https:\/\/jrims.fi\/index.php\/wp-json\/wp\/v2\/pages\/77\/revisions"}],"predecessor-version":[{"id":98,"href":"https:\/\/jrims.fi\/index.php\/wp-json\/wp\/v2\/pages\/77\/revisions\/98"}],"wp:attachment":[{"href":"https:\/\/jrims.fi\/index.php\/wp-json\/wp\/v2\/media?parent=77"}],"curies":[{"name":"wp","href":"https:\/\/api.w.org\/{rel}","templated":true}]}}